{"id":2517,"date":"2019-11-22T04:11:25","date_gmt":"2019-11-22T04:11:25","guid":{"rendered":"https:\/\/wp-test.getgolo.com\/?page_id=2517"},"modified":"2025-08-23T12:12:56","modified_gmt":"2025-08-23T12:12:56","slug":"about-us","status":"publish","type":"page","link":"https:\/\/fala.capetown\/pt\/about-us\/","title":{"rendered":"Sobre n\u00f3s"},"content":{"rendered":"<div data-elementor-type=\"wp-page\" data-elementor-id=\"2517\" class=\"elementor elementor-2517\">\n\t\t\t\t\t\t<section class=\"elementor-section elementor-top-section elementor-element elementor-element-699d487a elementor-section-stretched elementor-section-boxed elementor-section-gap-beside-yes elementor-section-height-default elementor-section-height-default elementor-section-column-vertical-align-stretch\" data-id=\"699d487a\" data-element_type=\"section\" data-e-type=\"section\" data-settings=\"{&quot;stretch_section&quot;:&quot;section-stretched&quot;,&quot;background_background&quot;:&quot;classic&quot;}\">\n\t\t\t\t\t\t<div class=\"elementor-container elementor-column-gap-extended\">\n\t\t\t\t\t<div class=\"elementor-column elementor-col-100 elementor-top-column elementor-element elementor-element-512522b8\" data-id=\"512522b8\" data-element_type=\"column\" data-e-type=\"column\">\n\t\t\t<div class=\"elementor-widget-wrap elementor-element-populated\">\n\t\t\t\t\t\t<div class=\"elementor-element elementor-element-48af1698 offset-item elementor-widget elementor-widget-heading\" data-id=\"48af1698\" data-element_type=\"widget\" data-e-type=\"widget\" data-widget_type=\"heading.default\">\n\t\t\t\t\t<h2 class=\"elementor-heading-title elementor-size-default\">Professores e Guias<\/h2>\t\t\t\t<\/div>\n\t\t\t\t<div class=\"elementor-element elementor-element-32718049 elementor-widget-divider--view-line elementor-widget elementor-widget-divider\" data-id=\"32718049\" data-element_type=\"widget\" data-e-type=\"widget\" data-widget_type=\"divider.default\">\n\t\t\t\t\t\t\t<div class=\"elementor-divider\">\n\t\t\t<span class=\"elementor-divider-separator\">\n\t\t\t\t\t\t<\/span>\n\t\t<\/div>\n\t\t\t\t\t\t<\/div>\n\t\t<div class=\"elementor-element elementor-element-584157ce e-grid e-con-boxed e-con e-parent\" data-id=\"584157ce\" data-element_type=\"container\" data-e-type=\"container\">\n\t\t\t\t\t<div class=\"e-con-inner\">\n\t\t\t\t<div class=\"elementor-element elementor-element-1ccce1ca elementor-position-top elementor-widget elementor-widget-image-box\" data-id=\"1ccce1ca\" data-element_type=\"widget\" data-e-type=\"widget\" data-widget_type=\"image-box.default\">\n\t\t\t\t\t<div class=\"elementor-image-box-wrapper\"><figure class=\"elementor-image-box-img\"><a href=\"https:\/\/fala.capetown\/pt\/author\/kyle\/\" tabindex=\"-1\"><img fetchpriority=\"high\" decoding=\"async\" width=\"500\" height=\"500\" src=\"https:\/\/fala.capetown\/wp-content\/uploads\/2025\/08\/Kyle.png\" class=\"elementor-animation-bob attachment-large size-large wp-image-5668\" alt=\"\" srcset=\"https:\/\/fala.capetown\/wp-content\/uploads\/2025\/08\/Kyle.png 500w, https:\/\/fala.capetown\/wp-content\/uploads\/2025\/08\/Kyle-300x300.png 300w, https:\/\/fala.capetown\/wp-content\/uploads\/2025\/08\/Kyle-150x150.png 150w, https:\/\/fala.capetown\/wp-content\/uploads\/2025\/08\/Kyle-12x12.png 12w, https:\/\/fala.capetown\/wp-content\/uploads\/2025\/08\/Kyle-100x100.png 100w\" sizes=\"(max-width: 500px) 100vw, 500px\" \/><\/a><\/figure><div class=\"elementor-image-box-content\"><h3 class=\"elementor-image-box-title\"><a href=\"https:\/\/fala.capetown\/pt\/author\/kyle\/\">Kyle<\/a><\/h3><p class=\"elementor-image-box-description\">Surfista, ciclista e treinador de ingl\u00eas que acredita que o idioma deve ser vivenciado, n\u00e3o memorizado.<\/p><\/div><\/div>\t\t\t\t<\/div>\n\t\t\t\t<div class=\"elementor-element elementor-element-55bb8e02 elementor-position-top elementor-widget elementor-widget-image-box\" data-id=\"55bb8e02\" data-element_type=\"widget\" data-e-type=\"widget\" data-widget_type=\"image-box.default\">\n\t\t\t\t\t<div class=\"elementor-image-box-wrapper\"><figure class=\"elementor-image-box-img\"><a href=\"https:\/\/fala.capetown\/pt\/author\/colin\/\" tabindex=\"-1\"><img decoding=\"async\" width=\"1000\" height=\"1000\" src=\"https:\/\/fala.capetown\/wp-content\/uploads\/2025\/08\/Colin.jpg\" class=\"elementor-animation-bob attachment-large size-large wp-image-5714\" alt=\"\" srcset=\"https:\/\/fala.capetown\/wp-content\/uploads\/2025\/08\/Colin.jpg 1000w, https:\/\/fala.capetown\/wp-content\/uploads\/2025\/08\/Colin-300x300.jpg 300w, https:\/\/fala.capetown\/wp-content\/uploads\/2025\/08\/Colin-150x150.jpg 150w, https:\/\/fala.capetown\/wp-content\/uploads\/2025\/08\/Colin-768x768.jpg 768w, https:\/\/fala.capetown\/wp-content\/uploads\/2025\/08\/Colin-12x12.jpg 12w, https:\/\/fala.capetown\/wp-content\/uploads\/2025\/08\/Colin-600x600.jpg 600w, https:\/\/fala.capetown\/wp-content\/uploads\/2025\/08\/Colin-100x100.jpg 100w\" sizes=\"(max-width: 1000px) 100vw, 1000px\" \/><\/a><\/figure><div class=\"elementor-image-box-content\"><h3 class=\"elementor-image-box-title\"><a href=\"https:\/\/fala.capetown\/pt\/author\/colin\/\">Colin<\/a><\/h3><p class=\"elementor-image-box-description\">Natural da Cidade do Cabo, passou 15 anos no exterior trabalhando como fot\u00f3grafo de viagens e escritor freelancer.<\/p><\/div><\/div>\t\t\t\t<\/div>\n\t\t\t\t<div class=\"elementor-element elementor-element-47fc00fb elementor-position-top elementor-widget elementor-widget-image-box\" data-id=\"47fc00fb\" data-element_type=\"widget\" data-e-type=\"widget\" data-widget_type=\"image-box.default\">\n\t\t\t\t\t<div class=\"elementor-image-box-wrapper\"><figure class=\"elementor-image-box-img\"><a href=\"https:\/\/fala.capetown\/pt\/author\/fala\/\" tabindex=\"-1\"><img decoding=\"async\" width=\"500\" height=\"500\" src=\"https:\/\/fala.capetown\/wp-content\/uploads\/2025\/08\/user_sample.jpg\" class=\"elementor-animation-bob attachment-large size-large wp-image-5646\" alt=\"\" \/><\/a><\/figure><div class=\"elementor-image-box-content\"><h3 class=\"elementor-image-box-title\"><a href=\"https:\/\/fala.capetown\/pt\/author\/fala\/\">Dimitri<\/a><\/h3><p class=\"elementor-image-box-description\">Personal trainer e professor de ingl\u00eas que mant\u00e9m as aulas ativas \u2014 seja pedalando, fazendo exerc\u00edcios ou correndo.<\/p><\/div><\/div>\t\t\t\t<\/div>\n\t\t\t\t<div class=\"elementor-element elementor-element-22aefe07 elementor-position-top elementor-widget elementor-widget-image-box\" data-id=\"22aefe07\" data-element_type=\"widget\" data-e-type=\"widget\" data-widget_type=\"image-box.default\">\n\t\t\t\t\t<div class=\"elementor-image-box-wrapper\"><figure class=\"elementor-image-box-img\"><a href=\"https:\/\/fala.capetown\/pt\/author\/fala\/\" tabindex=\"-1\"><img loading=\"lazy\" decoding=\"async\" width=\"500\" height=\"500\" src=\"https:\/\/fala.capetown\/wp-content\/uploads\/2025\/08\/demo_author_01.jpg\" class=\"elementor-animation-bob attachment-large size-large wp-image-5740\" alt=\"\" srcset=\"https:\/\/fala.capetown\/wp-content\/uploads\/2025\/08\/demo_author_01.jpg 500w, https:\/\/fala.capetown\/wp-content\/uploads\/2025\/08\/demo_author_01-300x300.jpg 300w, https:\/\/fala.capetown\/wp-content\/uploads\/2025\/08\/demo_author_01-150x150.jpg 150w, https:\/\/fala.capetown\/wp-content\/uploads\/2025\/08\/demo_author_01-12x12.jpg 12w, https:\/\/fala.capetown\/wp-content\/uploads\/2025\/08\/demo_author_01-100x100.jpg 100w\" sizes=\"(max-width: 500px) 100vw, 500px\" \/><\/a><\/figure><div class=\"elementor-image-box-content\"><h3 class=\"elementor-image-box-title\"><a href=\"https:\/\/fala.capetown\/pt\/author\/fala\/\">Leslie<\/a><\/h3><p class=\"elementor-image-box-description\">Artista e foodie, pronto para mostrar todos os lugares enquanto aprimora seu vocabul\u00e1rio.<\/p><\/div><\/div>\t\t\t\t<\/div>\n\t\t\t\t<div class=\"elementor-element elementor-element-8518dc4 elementor-position-top elementor-widget elementor-widget-image-box\" data-id=\"8518dc4\" data-element_type=\"widget\" data-e-type=\"widget\" data-widget_type=\"image-box.default\">\n\t\t\t\t\t<div class=\"elementor-image-box-wrapper\"><figure class=\"elementor-image-box-img\"><a href=\"https:\/\/fala.capetown\/pt\/author\/fala\/\" tabindex=\"-1\"><img loading=\"lazy\" decoding=\"async\" width=\"500\" height=\"500\" src=\"https:\/\/fala.capetown\/wp-content\/uploads\/2025\/08\/demo_author_03.jpg\" class=\"elementor-animation-bob attachment-large size-large wp-image-5741\" alt=\"\" srcset=\"https:\/\/fala.capetown\/wp-content\/uploads\/2025\/08\/demo_author_03.jpg 500w, https:\/\/fala.capetown\/wp-content\/uploads\/2025\/08\/demo_author_03-300x300.jpg 300w, https:\/\/fala.capetown\/wp-content\/uploads\/2025\/08\/demo_author_03-150x150.jpg 150w, https:\/\/fala.capetown\/wp-content\/uploads\/2025\/08\/demo_author_03-12x12.jpg 12w, https:\/\/fala.capetown\/wp-content\/uploads\/2025\/08\/demo_author_03-100x100.jpg 100w\" sizes=\"(max-width: 500px) 100vw, 500px\" \/><\/a><\/figure><div class=\"elementor-image-box-content\"><h3 class=\"elementor-image-box-title\"><a href=\"https:\/\/fala.capetown\/pt\/author\/fala\/\">Thandi<\/a><\/h3><p class=\"elementor-image-box-description\">Amante de tecnologia e designer, ela inspira conversas animadas sobre sustentabilidade, livros e criatividade cotidiana.<\/p><\/div><\/div>\t\t\t\t<\/div>\n\t\t\t\t<div class=\"elementor-element elementor-element-42274ac6 elementor-position-top elementor-widget elementor-widget-image-box\" data-id=\"42274ac6\" data-element_type=\"widget\" data-e-type=\"widget\" data-widget_type=\"image-box.default\">\n\t\t\t\t\t<div class=\"elementor-image-box-wrapper\"><figure class=\"elementor-image-box-img\"><a href=\"https:\/\/fala.capetown\/pt\/author\/fala\/\" tabindex=\"-1\"><img loading=\"lazy\" decoding=\"async\" width=\"500\" height=\"500\" src=\"https:\/\/fala.capetown\/wp-content\/uploads\/2025\/08\/demo_author_02.jpg\" class=\"elementor-animation-bob attachment-full size-full wp-image-5742\" alt=\"\" srcset=\"https:\/\/fala.capetown\/wp-content\/uploads\/2025\/08\/demo_author_02.jpg 500w, https:\/\/fala.capetown\/wp-content\/uploads\/2025\/08\/demo_author_02-300x300.jpg 300w, https:\/\/fala.capetown\/wp-content\/uploads\/2025\/08\/demo_author_02-150x150.jpg 150w, https:\/\/fala.capetown\/wp-content\/uploads\/2025\/08\/demo_author_02-12x12.jpg 12w, https:\/\/fala.capetown\/wp-content\/uploads\/2025\/08\/demo_author_02-100x100.jpg 100w\" sizes=\"(max-width: 500px) 100vw, 500px\" \/><\/a><\/figure><div class=\"elementor-image-box-content\"><h3 class=\"elementor-image-box-title\"><a href=\"https:\/\/fala.capetown\/pt\/author\/fala\/\">Bheki<\/a><\/h3><p class=\"elementor-image-box-description\">Apaixonado por hist\u00f3ria e caminhante, ele acrescenta profundidade, humor e fatos surpreendentes a cada conversa.<\/p><\/div><\/div>\t\t\t\t<\/div>\n\t\t\t\t<div class=\"elementor-element elementor-element-e37853a elementor-position-top elementor-widget elementor-widget-image-box\" data-id=\"e37853a\" data-element_type=\"widget\" data-e-type=\"widget\" data-widget_type=\"image-box.default\">\n\t\t\t\t\t<div class=\"elementor-image-box-wrapper\"><figure class=\"elementor-image-box-img\"><a href=\"https:\/\/fala.capetown\/pt\/author\/fala\/\" tabindex=\"-1\"><img loading=\"lazy\" decoding=\"async\" width=\"500\" height=\"500\" src=\"https:\/\/fala.capetown\/wp-content\/uploads\/2025\/08\/Michael.jpg\" class=\"elementor-animation-bob attachment-full size-full wp-image-5857\" alt=\"\" srcset=\"https:\/\/fala.capetown\/wp-content\/uploads\/2025\/08\/Michael.jpg 500w, https:\/\/fala.capetown\/wp-content\/uploads\/2025\/08\/Michael-300x300.jpg 300w, https:\/\/fala.capetown\/wp-content\/uploads\/2025\/08\/Michael-150x150.jpg 150w, https:\/\/fala.capetown\/wp-content\/uploads\/2025\/08\/Michael-12x12.jpg 12w, https:\/\/fala.capetown\/wp-content\/uploads\/2025\/08\/Michael-100x100.jpg 100w\" sizes=\"(max-width: 500px) 100vw, 500px\" \/><\/a><\/figure><div class=\"elementor-image-box-content\"><h3 class=\"elementor-image-box-title\"><a href=\"https:\/\/fala.capetown\/pt\/author\/fala\/\">Miguel<\/a><\/h3><p class=\"elementor-image-box-description\">Ioga, medita\u00e7\u00e3o e viagens semanais saindo da Cidade do Cabo para explorar a cultura dos bosqu\u00edmanos.<\/p><\/div><\/div>\t\t\t\t<\/div>\n\t\t\t\t<div class=\"elementor-element elementor-element-c3d9906 elementor-position-top elementor-widget elementor-widget-image-box\" data-id=\"c3d9906\" data-element_type=\"widget\" data-e-type=\"widget\" data-widget_type=\"image-box.default\">\n\t\t\t\t\t<div class=\"elementor-image-box-wrapper\"><figure class=\"elementor-image-box-img\"><a href=\"https:\/\/fala.capetown\/pt\/author\/fala\/\" tabindex=\"-1\"><img loading=\"lazy\" decoding=\"async\" width=\"500\" height=\"500\" src=\"https:\/\/fala.capetown\/wp-content\/uploads\/2025\/08\/Francine.jpg\" class=\"elementor-animation-bob attachment-full size-full wp-image-5856\" alt=\"\" srcset=\"https:\/\/fala.capetown\/wp-content\/uploads\/2025\/08\/Francine.jpg 500w, https:\/\/fala.capetown\/wp-content\/uploads\/2025\/08\/Francine-300x300.jpg 300w, https:\/\/fala.capetown\/wp-content\/uploads\/2025\/08\/Francine-150x150.jpg 150w, https:\/\/fala.capetown\/wp-content\/uploads\/2025\/08\/Francine-12x12.jpg 12w, https:\/\/fala.capetown\/wp-content\/uploads\/2025\/08\/Francine-100x100.jpg 100w\" sizes=\"(max-width: 500px) 100vw, 500px\" \/><\/a><\/figure><div class=\"elementor-image-box-content\"><h3 class=\"elementor-image-box-title\"><a href=\"https:\/\/fala.capetown\/pt\/author\/fala\/\">Francina<\/a><\/h3><p class=\"elementor-image-box-description\">Especialista em vinhos e caf\u00e9 - descubra todas as preciosidades locais escondidas, em companhia incr\u00edvel.<\/p><\/div><\/div>\t\t\t\t<\/div>\n\t\t\t\t\t<\/div>\n\t\t\t\t<\/div>\n\t\t\t\t<div class=\"elementor-element elementor-element-8503e40 elementor-widget elementor-widget-spacer\" data-id=\"8503e40\" data-element_type=\"widget\" data-e-type=\"widget\" data-widget_type=\"spacer.default\">\n\t\t\t\t\t\t\t<div class=\"elementor-spacer\">\n\t\t\t<div class=\"elementor-spacer-inner\"><\/div>\n\t\t<\/div>\n\t\t\t\t\t\t<\/div>\n\t\t\t\t\t<\/div>\n\t\t<\/div>\n\t\t\t\t\t<\/div>\n\t\t<\/section>\n\t\t\t\t<section class=\"elementor-section elementor-top-section elementor-element elementor-element-709c360 elementor-section-boxed elementor-section-gap-beside-yes elementor-section-height-default elementor-section-height-default elementor-section-column-vertical-align-stretch\" data-id=\"709c360\" data-element_type=\"section\" data-e-type=\"section\">\n\t\t\t\t\t\t<div class=\"elementor-container elementor-column-gap-extended\">\n\t\t\t\t\t<div class=\"elementor-column elementor-col-100 elementor-top-column elementor-element elementor-element-f4e8ce6\" data-id=\"f4e8ce6\" data-element_type=\"column\" data-e-type=\"column\">\n\t\t\t<div class=\"elementor-widget-wrap elementor-element-populated\">\n\t\t\t\t\t\t<div class=\"elementor-element elementor-element-7c8dcdf elementor-widget elementor-widget-heading\" data-id=\"7c8dcdf\" data-element_type=\"widget\" data-e-type=\"widget\" data-widget_type=\"heading.default\">\n\t\t\t\t\t<h3 class=\"elementor-heading-title elementor-size-default\">Junte-se \u00e0 nossa equipe<\/h3>\t\t\t\t<\/div>\n\t\t\t\t<div class=\"elementor-element elementor-element-3d00286 elementor-widget elementor-widget-text-editor\" data-id=\"3d00286\" data-element_type=\"widget\" data-e-type=\"widget\" data-widget_type=\"text-editor.default\">\n\t\t\t\t\t\t\t\t\t<p>Estamos sempre procurando por pessoas talentosas e <br>Professores de ingl\u00eas que est\u00e3o ansiosos para se conectar com os alunos.<\/p>\t\t\t\t\t\t\t\t<\/div>\n\t\t\t\t<div class=\"elementor-element elementor-element-3c23b4f elementor-align-center elementor-widget elementor-widget-button\" data-id=\"3c23b4f\" data-element_type=\"widget\" data-e-type=\"widget\" data-widget_type=\"button.default\">\n\t\t\t\t\t\t\t\t\t\t<a class=\"elementor-button elementor-button-link elementor-size-sm\" href=\"#\">\n\t\t\t\t\t\t<span class=\"elementor-button-content-wrapper\">\n\t\t\t\t\t\t\t\t\t<span class=\"elementor-button-text\">Ver vagas<\/span>\n\t\t\t\t\t<\/span>\n\t\t\t\t\t<\/a>\n\t\t\t\t\t\t\t\t<\/div>\n\t\t\t\t\t<\/div>\n\t\t<\/div>\n\t\t\t\t\t<\/div>\n\t\t<\/section>\n\t\t\t\t<section class=\"elementor-section elementor-top-section elementor-element elementor-element-e62a849 elementor-section-boxed elementor-section-gap-beside-yes elementor-section-height-default elementor-section-height-default elementor-section-column-vertical-align-stretch\" data-id=\"e62a849\" data-element_type=\"section\" data-e-type=\"section\">\n\t\t\t\t\t\t<div class=\"elementor-container elementor-column-gap-extended\">\n\t\t\t\t\t<div class=\"elementor-column elementor-col-100 elementor-top-column elementor-element elementor-element-bb74be6\" data-id=\"bb74be6\" data-element_type=\"column\" data-e-type=\"column\">\n\t\t\t<div class=\"elementor-widget-wrap\">\n\t\t\t\t\t\t\t<\/div>\n\t\t<\/div>\n\t\t\t\t\t<\/div>\n\t\t<\/section>\n\t\t\t\t<section class=\"elementor-section elementor-top-section elementor-element elementor-element-5ee08f4 elementor-section-boxed elementor-section-gap-beside-yes elementor-section-height-default elementor-section-height-default elementor-section-column-vertical-align-stretch\" data-id=\"5ee08f4\" data-element_type=\"section\" data-e-type=\"section\">\n\t\t\t\t\t\t<div class=\"elementor-container elementor-column-gap-extended\">\n\t\t\t\t\t<div class=\"elementor-column elementor-col-100 elementor-top-column elementor-element elementor-element-c140dfd\" data-id=\"c140dfd\" data-element_type=\"column\" data-e-type=\"column\">\n\t\t\t<div class=\"elementor-widget-wrap elementor-element-populated\">\n\t\t\t\t\t\t<div class=\"elementor-element elementor-element-c86e34a elementor-widget elementor-widget-spacer\" data-id=\"c86e34a\" data-element_type=\"widget\" data-e-type=\"widget\" data-widget_type=\"spacer.default\">\n\t\t\t\t\t\t\t<div class=\"elementor-spacer\">\n\t\t\t<div class=\"elementor-spacer-inner\"><\/div>\n\t\t<\/div>\n\t\t\t\t\t\t<\/div>\n\t\t\t\t\t<\/div>\n\t\t<\/div>\n\t\t\t\t\t<\/div>\n\t\t<\/section>\n\t\t\t\t<section class=\"elementor-section elementor-top-section elementor-element elementor-element-eaeb85a elementor-section-boxed elementor-section-gap-beside-yes elementor-section-height-default elementor-section-height-default elementor-section-column-vertical-align-stretch\" data-id=\"eaeb85a\" data-element_type=\"section\" data-e-type=\"section\">\n\t\t\t\t\t\t<div class=\"elementor-container elementor-column-gap-extended\">\n\t\t\t\t\t<div class=\"elementor-column elementor-col-100 elementor-top-column elementor-element elementor-element-98a52bc\" data-id=\"98a52bc\" data-element_type=\"column\" data-e-type=\"column\">\n\t\t\t<div class=\"elementor-widget-wrap elementor-element-populated\">\n\t\t\t\t\t\t<div class=\"elementor-element elementor-element-4b10aba elementor-widget elementor-widget-spacer\" data-id=\"4b10aba\" data-element_type=\"widget\" data-e-type=\"widget\" data-widget_type=\"spacer.default\">\n\t\t\t\t\t\t\t<div class=\"elementor-spacer\">\n\t\t\t<div class=\"elementor-spacer-inner\"><\/div>\n\t\t<\/div>\n\t\t\t\t\t\t<\/div>\n\t\t\t\t\t<\/div>\n\t\t<\/div>\n\t\t\t\t\t<\/div>\n\t\t<\/section>\n\t\t\t\t<\/div>","protected":false},"excerpt":{"rendered":"<p>Teachers &amp; Guides Kyle Surfer, cyclist, and an English coach who believes language should be experienced, not memorized. Colin A Cape Town native who spent 15 years abroad working as a travel photographer and freelance writer. Dimitri Personal trainer &#038; English teacher who keeps lessons active \u2014 whether it\u2019s cycling, workouts, or runs. Leslie Artist [&hellip;]<\/p>\n","protected":false},"author":1,"featured_media":0,"parent":0,"menu_order":0,"comment_status":"closed","ping_status":"closed","template":"","meta":{"footnotes":""},"class_list":["post-2517","page","type-page","status-publish","hentry"],"_links":{"self":[{"href":"https:\/\/fala.capetown\/pt\/wp-json\/wp\/v2\/pages\/2517","targetHints":{"allow":["GET"]}}],"collection":[{"href":"https:\/\/fala.capetown\/pt\/wp-json\/wp\/v2\/pages"}],"about":[{"href":"https:\/\/fala.capetown\/pt\/wp-json\/wp\/v2\/types\/page"}],"author":[{"embeddable":true,"href":"https:\/\/fala.capetown\/pt\/wp-json\/wp\/v2\/users\/1"}],"replies":[{"embeddable":true,"href":"https:\/\/fala.capetown\/pt\/wp-json\/wp\/v2\/comments?post=2517"}],"version-history":[{"count":30,"href":"https:\/\/fala.capetown\/pt\/wp-json\/wp\/v2\/pages\/2517\/revisions"}],"predecessor-version":[{"id":5919,"href":"https:\/\/fala.capetown\/pt\/wp-json\/wp\/v2\/pages\/2517\/revisions\/5919"}],"wp:attachment":[{"href":"https:\/\/fala.capetown\/pt\/wp-json\/wp\/v2\/media?parent=2517"}],"curies":[{"name":"wp","href":"https:\/\/api.w.org\/{rel}","templated":true}]}}